{"id":100,"date":"2012-05-11T18:57:19","date_gmt":"2012-05-11T18:57:19","guid":{"rendered":"http:\/\/public.mediasimple.ca\/remax_papachristou\/?page_id=100"},"modified":"2012-10-23T15:25:20","modified_gmt":"2012-10-23T19:25:20","slug":"pourquoi-faire-affaire-avec-un-courtier-immobilier","status":"publish","type":"page","link":"https:\/\/jcruz.ca\/fr\/acheter-2\/pourquoi-faire-affaire-avec-un-courtier-immobilier\/","title":{"rendered":"Pourquoi faire affaire avec un courtier immobilier"},"content":{"rendered":"<p>Acheter une maison est un processus tr\u00e8s complexe. En plus de g\u00e9rer les aspects commerciaux, financiers et l\u00e9gaux, il faut savoir n\u00e9gocier efficacement. Les courtiers immobiliers membres d&rsquo;une chambre immobili\u00e8re sont des experts en la mati\u00e8re! En vous offrant leurs services, vous \u00eates assur\u00e9 de franchir toutes ces \u00e9tapes avec succ\u00e8s.<\/p>\n<p><strong>Une formation reconnue<\/strong><br \/>\nLe courtier immobilier dispose d&rsquo;une solide formation et d\u00e9tient un certificat de pratique d\u00e9livr\u00e9 par l&rsquo;<a href=\"http:\/\/www.oaciq.com\/?uc=0\" target=\"_blank\">Organisme d&rsquo;autor\u00e9glementation du courtage immobilier du Qu\u00e9bec (OACIQ)<\/a>. Habile n\u00e9gociateur, il ma\u00eetrise de nombreux outils et se sert d&rsquo;un solide r\u00e9seau de contacts, qui s&rsquo;\u00e9tend de l&rsquo;inspecteur en b\u00e2timent au notaire, en passant par l&rsquo;institution financi\u00e8re et le courtier hypoth\u00e9caire. En fait, votre courtier agit presque comme guichet unique! Sans compter que sa pr\u00e9sence vous garantit la protection l\u00e9gale stipul\u00e9e dans la Loi sur le courtage immobilier. \u00e0 ce compte-l\u00e0, pourquoi se passer d&rsquo;un courtier?<\/p>\n<p><strong>Un solide travail d&rsquo;\u00e9quipe<\/strong><br \/>\nLorsque vous cherchez une propri\u00e9t\u00e9, votre courtier met \u00e0 profit la puissance du syst\u00e8me MLS<sup>\u00ae<\/sup>\u00a0pour cibler celles qui vous conviennent. Il vous accompagne ensuite lors des visites afin d&rsquo;analyser, d&rsquo;un point de vue objectif, les caract\u00e9ristiques des propri\u00e9t\u00e9s choisies. Enfin, il vous repr\u00e9sente au moment de la n\u00e9gociation, une t\u00e2che d\u00e9licate o\u00f9 l&rsquo;aide d&rsquo;un professionnel aguerri est indispensable. Finalement, le courtier sera pr\u00e9sent lors de toutes les \u00e9tapes d&rsquo;achat de la propri\u00e9t\u00e9, jusqu&rsquo;\u00e0 la signature chez le notaire!<\/p>\n<p>SOURCE :\u00a0<a title=\"http:\/\/www.centris.ca\" href=\"http:\/\/www.centris.ca\" target=\"_blank\">CENTRIS.CA<\/a><\/p>\n<p><\/p>","protected":false},"excerpt":{"rendered":"<p>Acheter une maison est un processus tr\u00e8s complexe. En plus de g\u00e9rer les aspects commerciaux, financiers et l\u00e9gaux, il faut savoir n\u00e9gocier efficacement. Les courtiers immobiliers membres d&rsquo;une chambre immobili\u00e8re sont des experts en la mati\u00e8re! En vous offrant leurs services, vous \u00eates assur\u00e9 de franchir toutes ces \u00e9tapes avec succ\u00e8s. Une formation reconnue Le [&hellip;]<\/p>\n","protected":false},"author":1,"featured_media":0,"parent":7,"menu_order":0,"comment_status":"open","ping_status":"open","template":"","meta":{"_acf_changed":false,"footnotes":""},"class_list":["post-100","page","type-page","status-publish","hentry"],"acf":[],"_links":{"self":[{"href":"https:\/\/jcruz.ca\/fr\/wp-json\/wp\/v2\/pages\/100","targetHints":{"allow":["GET"]}}],"collection":[{"href":"https:\/\/jcruz.ca\/fr\/wp-json\/wp\/v2\/pages"}],"about":[{"href":"https:\/\/jcruz.ca\/fr\/wp-json\/wp\/v2\/types\/page"}],"author":[{"embeddable":true,"href":"https:\/\/jcruz.ca\/fr\/wp-json\/wp\/v2\/users\/1"}],"replies":[{"embeddable":true,"href":"https:\/\/jcruz.ca\/fr\/wp-json\/wp\/v2\/comments?post=100"}],"version-history":[{"count":0,"href":"https:\/\/jcruz.ca\/fr\/wp-json\/wp\/v2\/pages\/100\/revisions"}],"up":[{"embeddable":true,"href":"https:\/\/jcruz.ca\/fr\/wp-json\/wp\/v2\/pages\/7"}],"wp:attachment":[{"href":"https:\/\/jcruz.ca\/fr\/wp-json\/wp\/v2\/media?parent=100"}],"curies":[{"name":"wp","href":"https:\/\/api.w.org\/{rel}","templated":true}]}}