{"id":117,"date":"2012-05-11T19:02:10","date_gmt":"2012-05-11T19:02:10","guid":{"rendered":"http:\/\/public.mediasimple.ca\/remax_papachristou\/?page_id=117"},"modified":"2012-10-23T15:39:14","modified_gmt":"2012-10-23T19:39:14","slug":"les-documents-a-avoir-en-main","status":"publish","type":"page","link":"https:\/\/jcruz.ca\/fr\/vendre-2\/les-documents-a-avoir-en-main\/","title":{"rendered":"Les documents \u00e0 avoir en main"},"content":{"rendered":"<p>Vous vendez votre propri\u00e9t\u00e9? Mettez toutes les chances de votre c\u00f4t\u00e9 et assurez-vous que la transaction se d\u00e9roule rondement en gardant \u00e0 port\u00e9e de main ces documents indispensables :<\/p>\n<ol>\n<li>Certificat de localisation de la propri\u00e9t\u00e9<\/li>\n<li>Test de pyrite, vermiculite, ocre ferreuse, etc., pour les r\u00e9gions concern\u00e9es<\/li>\n<li>Factures des r\u00e9novations apport\u00e9es \u00e0 la propri\u00e9t\u00e9<\/li>\n<li>D\u00e9claration de copropri\u00e9t\u00e9, le cas \u00e9ch\u00e9ant<\/li>\n<li>Bail ou baux dans le cas d&rsquo;un immeuble \u00e0 revenus<\/li>\n<li>Relev\u00e9 de taxes municipales et scolaires<\/li>\n<li>Relev\u00e9 des frais mensuels d&rsquo;\u00e9lectricit\u00e9<\/li>\n<li>Relev\u00e9 des frais fixes associ\u00e9s \u00e0 la propri\u00e9t\u00e9<\/li>\n<\/ol>\n<p>SOURCE: <a title=\"CENTRIS.CA\" href=\"http:\/\/www.centris.ca\" target=\"_blank\">CENTRIS.CA <\/a><\/p>\n<p><\/p>","protected":false},"excerpt":{"rendered":"<p>Vous vendez votre propri\u00e9t\u00e9? Mettez toutes les chances de votre c\u00f4t\u00e9 et assurez-vous que la transaction se d\u00e9roule rondement en gardant \u00e0 port\u00e9e de main ces documents indispensables : Certificat de localisation de la propri\u00e9t\u00e9 Test de pyrite, vermiculite, ocre ferreuse, etc., pour les r\u00e9gions concern\u00e9es Factures des r\u00e9novations apport\u00e9es \u00e0 la propri\u00e9t\u00e9 D\u00e9claration de [&hellip;]<\/p>\n","protected":false},"author":1,"featured_media":0,"parent":15,"menu_order":0,"comment_status":"open","ping_status":"closed","template":"","meta":{"_acf_changed":false,"footnotes":""},"class_list":["post-117","page","type-page","status-publish","hentry"],"acf":[],"_links":{"self":[{"href":"https:\/\/jcruz.ca\/fr\/wp-json\/wp\/v2\/pages\/117","targetHints":{"allow":["GET"]}}],"collection":[{"href":"https:\/\/jcruz.ca\/fr\/wp-json\/wp\/v2\/pages"}],"about":[{"href":"https:\/\/jcruz.ca\/fr\/wp-json\/wp\/v2\/types\/page"}],"author":[{"embeddable":true,"href":"https:\/\/jcruz.ca\/fr\/wp-json\/wp\/v2\/users\/1"}],"replies":[{"embeddable":true,"href":"https:\/\/jcruz.ca\/fr\/wp-json\/wp\/v2\/comments?post=117"}],"version-history":[{"count":0,"href":"https:\/\/jcruz.ca\/fr\/wp-json\/wp\/v2\/pages\/117\/revisions"}],"up":[{"embeddable":true,"href":"https:\/\/jcruz.ca\/fr\/wp-json\/wp\/v2\/pages\/15"}],"wp:attachment":[{"href":"https:\/\/jcruz.ca\/fr\/wp-json\/wp\/v2\/media?parent=117"}],"curies":[{"name":"wp","href":"https:\/\/api.w.org\/{rel}","templated":true}]}}