{"id":123,"date":"2012-05-11T19:07:45","date_gmt":"2012-05-11T19:07:45","guid":{"rendered":"http:\/\/public.mediasimple.ca\/remax_papachristou\/?page_id=123"},"modified":"2012-10-23T15:44:21","modified_gmt":"2012-10-23T19:44:21","slug":"pour-vendre-rapidement-faites-bonne-impression","status":"publish","type":"page","link":"https:\/\/jcruz.ca\/fr\/vendre-2\/pour-vendre-rapidement-faites-bonne-impression\/","title":{"rendered":"Pour vendre rapidement, faites bonne impression!"},"content":{"rendered":"<p>Lorsque vient le temps de vendre votre propri\u00e9t\u00e9, vous n&rsquo;avez qu&rsquo;une seule chance de faire bonne impression.<\/p>\n<p><strong>L&rsquo;ext\u00e9rieur<\/strong><br \/>\nLa fa\u00e7on dont votre propri\u00e9t\u00e9 est per\u00e7ue de l&rsquo;ext\u00e9rieur est tr\u00e8s importante. Un ext\u00e9rieur attrayant encourage l&rsquo;acheteur \u00e0 visiter l&rsquo;int\u00e9rieur. Votre parterre doit \u00eatre soign\u00e9 et, en hiver, gardez des photos \u00e0 port\u00e9e de main pour aider le visiteur \u00e0 visualiser l&rsquo;apparence de la cour en \u00e9t\u00e9. La propret\u00e9 est essentielle : une entr\u00e9e d\u00e9gag\u00e9e et des fen\u00eatres propres feront \u00e9galement toute la diff\u00e9rence.<\/p>\n<p><strong>L&rsquo;int\u00e9rieur<\/strong><br \/>\n\u00e0 l&rsquo;int\u00e9rieur, la cl\u00e9 est la propret\u00e9. Faites le grand m\u00e9nage et d\u00e9barrassez-vous des objets inutiles. Enlevez les vieux meubles qui obstruent les passages ou encombrent les pi\u00e8ces. D\u00e9gagez l&rsquo;espace afin que les visiteurs ne se sentent pas \u00e0 l&rsquo;\u00e9troit.<\/p>\n<p>La peinture a-t-elle besoin d&rsquo;\u00eatre rafra\u00eechie? Une propri\u00e9t\u00e9 fra\u00eechement repeinte se vend souvent plus cher. Sachez aussi que les couleurs fonc\u00e9es ne favorisent pas la vente. Optez plut\u00f4t pour des tons clairs et lumineux. L&rsquo;\u00e9tat des tapis peut \u00e9galement \u00eatre un facteur d\u00e9terminant. \u00e0 d\u00e9faut de les remplacer, nettoyez-les pour leur donner un coup de jeunesse.<\/p>\n<p>La cuisine et la salle de bains doivent \u00eatre immacul\u00e9es. Prenez le temps de nettoyer les appareils m\u00e9nagers et la robinetterie, de m\u00eame que la baignoire, la toilette et le lavabo. D\u00e9gagez les comptoirs et ne laissez pas de vaisselle dans le lavabo ou de serviettes sur le bord de la baignoire. Laissez entrevoir \u00e0 l&rsquo;acheteur toutes les possibilit\u00e9s de rangement.<\/p>\n<p>Partout dans la maison, r\u00e9parez les robinets qui coulent, les poign\u00e9es d\u00e9fectueuses, les tiroirs ou portes d&rsquo;armoires qui ferment mal, etc. Remplacez les ampoules br\u00fbl\u00e9es et les plaques \u00e9lectriques jaunies. La plupart de ces petites r\u00e9parations sont relativement peu co\u00fbteuses et influenceront positivement l&rsquo;acheteur.<\/p>\n<p><strong>Cr\u00e9ez une atmosph\u00e8re<\/strong><br \/>\nIl est essentiel que votre maison soit bien \u00e9clair\u00e9e. Ouvrez les rideaux le jour et allumez les lampes le soir. Au besoin, ajoutez des lampes dans les coins sombres. Veillez \u00e0 ce que la maison soit bien a\u00e9r\u00e9e. Ne repoussez pas l&rsquo;acheteur avec des odeurs trop fortes, comme celles de l&rsquo;encens ou de mets \u00e9pic\u00e9s.<\/p>\n<p>Lors de la visite de l&rsquo;acheteur, soyez discret et laissez votre courtier seul avec le client. Il lui sera plus facile de mettre en valeur votre maison et le client se sentira plus libre de livrer ses commentaires.<\/p>\n<p>SOURCE: <a title=\"CENTRIS.CA\" href=\"http:\/\/www.centris.ca\" target=\"_blank\">CENTRIS.CA<\/a><\/p>\n<p><\/p>","protected":false},"excerpt":{"rendered":"<p>Lorsque vient le temps de vendre votre propri\u00e9t\u00e9, vous n&rsquo;avez qu&rsquo;une seule chance de faire bonne impression. L&rsquo;ext\u00e9rieur La fa\u00e7on dont votre propri\u00e9t\u00e9 est per\u00e7ue de l&rsquo;ext\u00e9rieur est tr\u00e8s importante. Un ext\u00e9rieur attrayant encourage l&rsquo;acheteur \u00e0 visiter l&rsquo;int\u00e9rieur. Votre parterre doit \u00eatre soign\u00e9 et, en hiver, gardez des photos \u00e0 port\u00e9e de main pour aider [&hellip;]<\/p>\n","protected":false},"author":1,"featured_media":0,"parent":15,"menu_order":0,"comment_status":"open","ping_status":"closed","template":"","meta":{"_acf_changed":false,"footnotes":""},"class_list":["post-123","page","type-page","status-publish","hentry"],"acf":[],"_links":{"self":[{"href":"https:\/\/jcruz.ca\/fr\/wp-json\/wp\/v2\/pages\/123","targetHints":{"allow":["GET"]}}],"collection":[{"href":"https:\/\/jcruz.ca\/fr\/wp-json\/wp\/v2\/pages"}],"about":[{"href":"https:\/\/jcruz.ca\/fr\/wp-json\/wp\/v2\/types\/page"}],"author":[{"embeddable":true,"href":"https:\/\/jcruz.ca\/fr\/wp-json\/wp\/v2\/users\/1"}],"replies":[{"embeddable":true,"href":"https:\/\/jcruz.ca\/fr\/wp-json\/wp\/v2\/comments?post=123"}],"version-history":[{"count":0,"href":"https:\/\/jcruz.ca\/fr\/wp-json\/wp\/v2\/pages\/123\/revisions"}],"up":[{"embeddable":true,"href":"https:\/\/jcruz.ca\/fr\/wp-json\/wp\/v2\/pages\/15"}],"wp:attachment":[{"href":"https:\/\/jcruz.ca\/fr\/wp-json\/wp\/v2\/media?parent=123"}],"curies":[{"name":"wp","href":"https:\/\/api.w.org\/{rel}","templated":true}]}}