{"id":125,"date":"2012-05-11T19:09:18","date_gmt":"2012-05-11T19:09:18","guid":{"rendered":"http:\/\/public.mediasimple.ca\/remax_papachristou\/?page_id=125"},"modified":"2012-10-23T15:45:52","modified_gmt":"2012-10-23T19:45:52","slug":"le-defi-de-vendre-a-juste-prix","status":"publish","type":"page","link":"https:\/\/jcruz.ca\/fr\/vendre-2\/le-defi-de-vendre-a-juste-prix\/","title":{"rendered":"Le d\u00e9fi de vendre \u00e0 juste prix"},"content":{"rendered":"<p>D\u00e9terminer le bon prix de vente est une \u00e9tape cruciale lors de la vente d&rsquo;une propri\u00e9t\u00e9. En effet, le prix de vente est souvent le facteur d\u00e9terminant dans la d\u00e9cision de tout acheteur potentiel.<\/p>\n<p>Gr\u00e2ce \u00e0 son acc\u00e8s privil\u00e9gi\u00e9 au syst\u00e8me MLS<sup>\u00ae<\/sup> \u2013 un r\u00e9seau exclusivement r\u00e9serv\u00e9 aux courtiers membres d&rsquo;une chambre immobili\u00e8re \u2013 votre courtier immobilier est en mesure d&rsquo;\u00e9valuer la valeur de votre propri\u00e9t\u00e9 et de proc\u00e9der \u00e0 une analyse comparative de march\u00e9 bas\u00e9e sur des propri\u00e9t\u00e9s comparables \u00e0 la v\u00f4tre qui ont r\u00e9cemment \u00e9t\u00e9 vendues dans votre quartier. L&rsquo;analyse comparative de march\u00e9 est un indicateur du prix que les acheteurs d&rsquo;aujourd&rsquo;hui sont pr\u00eats \u00e0 payer pour une r\u00e9sidence comparable \u00e0 la v\u00f4tre, dans un quartier similaire. Elle tient compte des caract\u00e9ristiques de votre propri\u00e9t\u00e9, mais \u00e9galement des conditions du march\u00e9 immobilier actuel.<\/p>\n<p><strong>Le bon prix pour partir du bon pied<\/strong><br \/>\nPour vendre sans d\u00e9lai, il est tr\u00e8s important de prendre le temps de fixer un juste prix de vente d\u00e8s le d\u00e9part. Devant un prix trop \u00e9lev\u00e9, les acheteurs potentiels risquent de se d\u00e9courager, tandis que ceux qui ont les moyens d&rsquo;acheter votre propri\u00e9t\u00e9 r\u00e9aliseront rapidement qu&rsquo;ils peuvent obtenir un meilleur rapport qualit\u00e9-prix ailleurs. En outre, rappelez-vous qu&rsquo;une propri\u00e9t\u00e9 en vente depuis trop longtemps tend \u00e0 perdre de la valeur.<\/p>\n<p>Vendre seul est une d\u00e9marche risqu\u00e9e. Sans connaissance approfondie du march\u00e9, vous pourriez sous-\u00e9valuer la valeur de votre propri\u00e9t\u00e9 et perdre un profit consid\u00e9rable. Dans cette optique, le courtier immobilier est le professionnel le mieux plac\u00e9 pour vous aider \u00e0 tirer le maximum de votre transaction immobili\u00e8re.<\/p>\n<p>\u00e9tablir le bon prix d\u00e8s la mise en vente de votre propri\u00e9t\u00e9 est tout \u00e0 votre avantage : vous serez assur\u00e9 d&rsquo;attirer un maximum d&rsquo;acheteurs potentiels, et ainsi de vendre votre propri\u00e9t\u00e9 le plus rapidement possible.<\/p>\n<p>SOURCE: <a title=\"CENTRIS.CA\" href=\"http:\/\/www.centris.ca\" target=\"_blank\">CENTRIS.CA<\/a><\/p>\n<p><\/p>","protected":false},"excerpt":{"rendered":"<p>D\u00e9terminer le bon prix de vente est une \u00e9tape cruciale lors de la vente d&rsquo;une propri\u00e9t\u00e9. En effet, le prix de vente est souvent le facteur d\u00e9terminant dans la d\u00e9cision de tout acheteur potentiel. Gr\u00e2ce \u00e0 son acc\u00e8s privil\u00e9gi\u00e9 au syst\u00e8me MLS\u00ae \u2013 un r\u00e9seau exclusivement r\u00e9serv\u00e9 aux courtiers membres d&rsquo;une chambre immobili\u00e8re \u2013 votre [&hellip;]<\/p>\n","protected":false},"author":1,"featured_media":0,"parent":15,"menu_order":0,"comment_status":"open","ping_status":"closed","template":"","meta":{"_acf_changed":false,"footnotes":""},"class_list":["post-125","page","type-page","status-publish","hentry"],"acf":[],"_links":{"self":[{"href":"https:\/\/jcruz.ca\/fr\/wp-json\/wp\/v2\/pages\/125","targetHints":{"allow":["GET"]}}],"collection":[{"href":"https:\/\/jcruz.ca\/fr\/wp-json\/wp\/v2\/pages"}],"about":[{"href":"https:\/\/jcruz.ca\/fr\/wp-json\/wp\/v2\/types\/page"}],"author":[{"embeddable":true,"href":"https:\/\/jcruz.ca\/fr\/wp-json\/wp\/v2\/users\/1"}],"replies":[{"embeddable":true,"href":"https:\/\/jcruz.ca\/fr\/wp-json\/wp\/v2\/comments?post=125"}],"version-history":[{"count":0,"href":"https:\/\/jcruz.ca\/fr\/wp-json\/wp\/v2\/pages\/125\/revisions"}],"up":[{"embeddable":true,"href":"https:\/\/jcruz.ca\/fr\/wp-json\/wp\/v2\/pages\/15"}],"wp:attachment":[{"href":"https:\/\/jcruz.ca\/fr\/wp-json\/wp\/v2\/media?parent=125"}],"curies":[{"name":"wp","href":"https:\/\/api.w.org\/{rel}","templated":true}]}}