{"id":83,"date":"2012-05-11T15:49:14","date_gmt":"2012-05-11T15:49:14","guid":{"rendered":"http:\/\/public.mediasimple.ca\/remax_papachristou\/?page_id=83"},"modified":"2012-10-23T15:35:55","modified_gmt":"2012-10-23T19:35:55","slug":"devenir-proprietaire-une-excellente-decision","status":"publish","type":"page","link":"https:\/\/jcruz.ca\/fr\/acheter-2\/devenir-proprietaire-une-excellente-decision\/","title":{"rendered":"Devenir propri\u00e9taire : UNE EXCELLENTE D\u00c9CISION !"},"content":{"rendered":"<p>Vous songez \u00e0 devenir propri\u00e9taire? Sachez qu&rsquo;en plus de vous faire profiter de nombreux avantages financiers, l&rsquo;achat d&rsquo;une maison peut am\u00e9liorer votre qualit\u00e9 de vie. Sans compter que devenir propri\u00e9taire procure une grande libert\u00e9, un fort sentiment de fiert\u00e9 et une tranquillit\u00e9 d&rsquo;esprit. Un gain inestimable!<\/p>\n<p><strong>Un chez-soi bien adapt\u00e9<\/strong><br \/>\n\u00eatre propri\u00e9taire signifie, d&rsquo;abord et avant tout, habiter une maison qui correspond \u00e0 vos go\u00fbts et \u00e0 votre style de vie.<\/p>\n<p>Votre famille s&rsquo;agrandit et vous souhaitez offrir \u00e0 vos enfants une cour arri\u00e8re ou une salle de jeu au sous-sol? En plus de constituer un excellent investissement \u00e0 long terme, l&rsquo;achat d&rsquo;une propri\u00e9t\u00e9 vous permettra d&rsquo;am\u00e9nager de tels espaces. Par ailleurs, si vous optez pour une copropri\u00e9t\u00e9 ou un plex, vous gagnerez du temps sur l&rsquo;entretien dans le premier cas, et profiterez d&rsquo;un revenu d&rsquo;appoint int\u00e9ressant dans le second.<\/p>\n<p><strong>Se b\u00e2tir un capital<\/strong><br \/>\nPayer une maison, c&rsquo;est un peu comme \u00e9pargner \u00e0 long terme. Au lieu de payer un loyer \u00e0 quelqu&rsquo;un d&rsquo;autre, les paiements hypoth\u00e9caires que vous faites chaque mois financent votre actif et vous permettent de b\u00e2tir un capital appr\u00e9ciable, que vous r\u00e9cup\u00e9rez par la suite \u00e0 l&rsquo;\u00e9ch\u00e9ance des paiements.<\/p>\n<p><strong>Un investissement qui rapporte!<\/strong><br \/>\nPartout au Canada, l&rsquo;investissement immobilier a pris beaucoup de valeur au cours de la derni\u00e8re d\u00e9cennie. Au Qu\u00e9bec, le prix m\u00e9dian des unifamiliales a presque doubl\u00e9 au cours des huit derni\u00e8res ann\u00e9es, passant de 110 000 $ en 2002 \u00e0 209 500 $ en 2010. Il y a donc eu une appr\u00e9ciation moyenne de pr\u00e8s de 8 % par ann\u00e9e.<\/p>\n<p><strong>Des paiements fixes<\/strong><br \/>\nFatigu\u00e9 des hausses de loyer? Contrairement aux locataires, qui doivent composer avec ces fluctuations, vous pouvez maintenant, en tant que propri\u00e9taire, profiter de paiements fixes qui vous prot\u00e9geront des hausses possibles des taux d&rsquo;int\u00e9r\u00eat, selon le type d&rsquo;hypoth\u00e8que choisi.<\/p>\n<p><strong>Un nouveau style de vie<\/strong><br \/>\nLaissez enfin libre cours \u00e0 vos fantaisies et d\u00e9corez votre maison sans vous soucier des restrictions qu&rsquo;on impose aux locataires! Tous les travaux de d\u00e9coration ou de r\u00e9novation vous profiteront directement. De plus, personne ne pourra vous obliger \u00e0 quitter votre logement, ni m\u00eame entrer chez vous, pour fins d&rsquo;inspection ou d&rsquo;entretien.<\/p>\n<p>SOURCE : <a title=\"CENTRIS.CA\" href=\"http:\/\/www.CENTRIS.CA\" target=\"_blank\">CENTRIS.CA<\/a><\/p>","protected":false},"excerpt":{"rendered":"<p>Vous songez \u00e0 devenir propri\u00e9taire? Sachez qu&rsquo;en plus de vous faire profiter de nombreux avantages financiers, l&rsquo;achat d&rsquo;une maison peut am\u00e9liorer votre qualit\u00e9 de vie. Sans compter que devenir propri\u00e9taire procure une grande libert\u00e9, un fort sentiment de fiert\u00e9 et une tranquillit\u00e9 d&rsquo;esprit. Un gain inestimable! Un chez-soi bien adapt\u00e9 \u00eatre propri\u00e9taire signifie, d&rsquo;abord et [&hellip;]<\/p>\n","protected":false},"author":1,"featured_media":0,"parent":7,"menu_order":0,"comment_status":"open","ping_status":"closed","template":"","meta":{"_acf_changed":false,"footnotes":""},"class_list":["post-83","page","type-page","status-publish","hentry"],"acf":[],"_links":{"self":[{"href":"https:\/\/jcruz.ca\/fr\/wp-json\/wp\/v2\/pages\/83","targetHints":{"allow":["GET"]}}],"collection":[{"href":"https:\/\/jcruz.ca\/fr\/wp-json\/wp\/v2\/pages"}],"about":[{"href":"https:\/\/jcruz.ca\/fr\/wp-json\/wp\/v2\/types\/page"}],"author":[{"embeddable":true,"href":"https:\/\/jcruz.ca\/fr\/wp-json\/wp\/v2\/users\/1"}],"replies":[{"embeddable":true,"href":"https:\/\/jcruz.ca\/fr\/wp-json\/wp\/v2\/comments?post=83"}],"version-history":[{"count":0,"href":"https:\/\/jcruz.ca\/fr\/wp-json\/wp\/v2\/pages\/83\/revisions"}],"up":[{"embeddable":true,"href":"https:\/\/jcruz.ca\/fr\/wp-json\/wp\/v2\/pages\/7"}],"wp:attachment":[{"href":"https:\/\/jcruz.ca\/fr\/wp-json\/wp\/v2\/media?parent=83"}],"curies":[{"name":"wp","href":"https:\/\/api.w.org\/{rel}","templated":true}]}}