{"id":95,"date":"2012-05-11T18:27:36","date_gmt":"2012-05-11T18:27:36","guid":{"rendered":"http:\/\/public.mediasimple.ca\/remax_papachristou\/?page_id=95"},"modified":"2012-10-23T15:21:25","modified_gmt":"2012-10-23T19:21:25","slug":"des-outils-pour-le-financement","status":"publish","type":"page","link":"https:\/\/jcruz.ca\/fr\/acheter-2\/des-outils-pour-le-financement\/","title":{"rendered":"Des outils pour le financement"},"content":{"rendered":"<p>Plusieurs outils peuvent vous aider \u00e0 \u00e9valuer votre situation financi\u00e8re et ainsi r\u00e9aliser votre r\u00eave de devenir propri\u00e9taire.<\/p>\n<p><strong>Capacit\u00e9 d&#8217;emprunt et pr\u00eat hypoth\u00e9caire pr\u00e9\u00e9tabli<\/strong><br \/>\nLorsque vous commencez \u00e0 rechercher une propri\u00e9t\u00e9, il est \u00e0 votre avantage de conna\u00eetre votre capacit\u00e9 d&#8217;emprunt. Ainsi, vous saurez vers quel type de propri\u00e9t\u00e9 vous tourner lors de vos recherches. Une bonne fa\u00e7on de faire est d&rsquo;obtenir un pr\u00eat hypoth\u00e9caire pr\u00e9\u00e9tabli avant m\u00eame d&rsquo;avoir trouv\u00e9 votre propri\u00e9t\u00e9. Gr\u00e2ce \u00e0 un pr\u00eat hypoth\u00e9caire pr\u00e9\u00e9tabli, vous conna\u00eetrez le montant que vous pouvez emprunter, le taux d&rsquo;int\u00e9r\u00eat et le montant de chaque versement. Ainsi, vous rechercherez une propri\u00e9t\u00e9 \u00e0 la mesure de vos moyens.<\/p>\n<p><strong>L&rsquo;assurance pr\u00eat hypoth\u00e9caire<\/strong><br \/>\nVous r\u00eavez d&rsquo;acheter une propri\u00e9t\u00e9, mais vous poss\u00e9dez moins de 20 % du prix d&rsquo;achat pour la mise de fonds? Qu&rsquo;\u00e0 cela ne tienne! L&rsquo;assurance pr\u00eat hypoth\u00e9caire pourrait vous aider \u00e0 concr\u00e9tiser ce r\u00eave&#8230; Habituellement, de nos jours, les pr\u00eateurs exigent une assurance pr\u00eat hypoth\u00e9caire lorsque l&#8217;emprunteur verse une mise de fonds inf\u00e9rieure \u00e0 20 % du prix d&rsquo;achat de la propri\u00e9t\u00e9.<\/p>\n<p>L&rsquo;assurance pr\u00eat hypoth\u00e9caire s&rsquo;applique \u00e0 divers types de propri\u00e9t\u00e9s neuves ou existantes.Il faut aussi garder \u00e0 l&rsquo;esprit que plus la mise de fonds est modeste, plus les versements hypoth\u00e9caires et le co\u00fbt total de l&rsquo;achat seront \u00e9lev\u00e9s. L&rsquo;assurance pr\u00eat hypoth\u00e9caire est offerte au Canada par la Soci\u00e9t\u00e9 canadienne d&rsquo;hypoth\u00e8ques et de logement (SCHL) et par GenworthFinancial Canada.<\/p>\n<p><strong>Le R\u00e9gime d&rsquo;accession \u00e0 la propri\u00e9t\u00e9<\/strong><br \/>\nLe R\u00e9gime d&rsquo;accession \u00e0 la propri\u00e9t\u00e9 (RAP) est un programme gouvernemental qui permet \u00e0 tout acheteur d&rsquo;utiliser ses \u00e9conomies vers\u00e9es dans un REER pour financer l&rsquo;achat d&rsquo;une propri\u00e9t\u00e9 sans avoir \u00e0 payer d&rsquo;imp\u00f4t sur le retrait. Les fonds retir\u00e9s doivent \u00eatre remis dans le REER selon le d\u00e9lai fix\u00e9 par le programme.<\/p>\n<p>Ni l&rsquo;acheteur ni le conjoint ne doivent avoir \u00e9t\u00e9 propri\u00e9taires d&rsquo;une habitation ayant servi de r\u00e9sidence principale au cours des cinq ann\u00e9es pr\u00e9c\u00e9dant la demande de retrait. De plus, l&rsquo;acheteur doit avoir conclu une entente \u00e9crite pour l&rsquo;achat ou la construction d&rsquo;une propri\u00e9t\u00e9 (promesse d&rsquo;achat ou contrat pr\u00e9liminaire) avant de pouvoir retirer les fonds du REER. Pour conna\u00eetre en d\u00e9tails les conditions d&rsquo;admissibilit\u00e9, communiquez avec l&rsquo;Agence du revenu du Canada ou avec votre institution financi\u00e8re.<\/p>\n<p>SOURCE : <a title=\"http:\/\/www.CENTRIS.CA\" href=\"http:\/\/www.CENTRIS.CA\" target=\"_blank\">CENTRIS.CA<\/a><\/p>","protected":false},"excerpt":{"rendered":"<p>Plusieurs outils peuvent vous aider \u00e0 \u00e9valuer votre situation financi\u00e8re et ainsi r\u00e9aliser votre r\u00eave de devenir propri\u00e9taire. Capacit\u00e9 d&#8217;emprunt et pr\u00eat hypoth\u00e9caire pr\u00e9\u00e9tabli Lorsque vous commencez \u00e0 rechercher une propri\u00e9t\u00e9, il est \u00e0 votre avantage de conna\u00eetre votre capacit\u00e9 d&#8217;emprunt. Ainsi, vous saurez vers quel type de propri\u00e9t\u00e9 vous tourner lors de vos recherches. [&hellip;]<\/p>\n","protected":false},"author":1,"featured_media":0,"parent":7,"menu_order":0,"comment_status":"open","ping_status":"open","template":"","meta":{"_acf_changed":false,"footnotes":""},"class_list":["post-95","page","type-page","status-publish","hentry"],"acf":[],"_links":{"self":[{"href":"https:\/\/jcruz.ca\/fr\/wp-json\/wp\/v2\/pages\/95","targetHints":{"allow":["GET"]}}],"collection":[{"href":"https:\/\/jcruz.ca\/fr\/wp-json\/wp\/v2\/pages"}],"about":[{"href":"https:\/\/jcruz.ca\/fr\/wp-json\/wp\/v2\/types\/page"}],"author":[{"embeddable":true,"href":"https:\/\/jcruz.ca\/fr\/wp-json\/wp\/v2\/users\/1"}],"replies":[{"embeddable":true,"href":"https:\/\/jcruz.ca\/fr\/wp-json\/wp\/v2\/comments?post=95"}],"version-history":[{"count":0,"href":"https:\/\/jcruz.ca\/fr\/wp-json\/wp\/v2\/pages\/95\/revisions"}],"up":[{"embeddable":true,"href":"https:\/\/jcruz.ca\/fr\/wp-json\/wp\/v2\/pages\/7"}],"wp:attachment":[{"href":"https:\/\/jcruz.ca\/fr\/wp-json\/wp\/v2\/media?parent=95"}],"curies":[{"name":"wp","href":"https:\/\/api.w.org\/{rel}","templated":true}]}}